{"id":36,"date":"2020-09-25T15:15:11","date_gmt":"2020-09-25T15:15:11","guid":{"rendered":"http:\/\/screening.mhanational.org\/?page_id=36"},"modified":"2026-01-08T11:59:21","modified_gmt":"2026-01-08T16:59:21","slug":"screening-tools","status":"publish","type":"page","link":"https:\/\/screening.mhanational.org\/es\/screening-tools\/","title":{"rendered":"Haz un test de salud mental"},"content":{"rendered":"<div style=\"display: none;\">\n<\/p>\n<div style=\"max-width: 580px; margin: auto;\">\n<p><strong>\u00bfNo sabes por d\u00f3nde empezar?<\/strong> Estamos probando una prueba que detecta 30 trastornos mentales comunes en 10-15 minutos. Haz clic a continuaci\u00f3n para obtener m\u00e1s informaci\u00f3n o despl\u00e1zate hacia abajo para seleccionar un trastorno espec\u00edfico.<\/p>\n<p style=\"text-align: center;\"><a class=\"button round\" href=\"https:\/\/screening.mhanational.org\/es\/sage-sr\/\" rel=\"noopener\">Prueba la evaluaci\u00f3n universal de salud mental.<\/a><\/p>\n<\/div>\n<p>\n<\/p><\/div>\n<div id=\"screenings-list\">  \t\t\n\t\t\t<div class=\"screen-item relative\">\n\t\t\t\t<button class=\"reveal-excerpt\"  \n\t\t\t\t\tdata-reveal=\"screen-22\"\n\t\t\t\t\taria-expanded=\"false\"\n\t\t\t\t\taria-controls=\"screen-22>\">+<\/button>\n\t\t\t\t<a class=\"button round block text-left large teal\"\n\t\t\t\t\thref=\"https:\/\/screening.mhanational.org\/es\/screening-tools\/depression\/\">\n\t\t\t\t\t<span class=\"excerpt-title\">Test de depresi\u00f3n<\/span>\n\t\t\t\t\t<span class=\"excerpt block\" style=\"display: none;\" id=\"screen-22\">\n\t\t\t\t\t\tPara personas que experimentan una tristeza o desesperaci\u00f3n abrumadoras, falta de energ\u00eda o una imagen negativa de s\u00ed mismas. Para la versi\u00f3n en espa\u00f1ol, v\u00e9ase \"Test de Depresi\u00f3n\".<br \/>\n\t\t\t\t\t\t<strong class=\"caps lh-normal\">\t\t\t\t\t\t\t\n\t\t\t\t\t\t\t\t\t\t\t\t\t\t\tTake Depression Test\t\t\t\t\t\t\t\t\t\t\t\t\t<\/strong>\n\t\t\t\t\t<\/span>\n\t\t\t\t<\/a>\n\t\t\t<\/div>\t\t\n\t\t  \t\t\n\t\t\t<div class=\"screen-item relative\">\n\t\t\t\t<button class=\"reveal-excerpt\"  \n\t\t\t\t\tdata-reveal=\"screen-70801\"\n\t\t\t\t\taria-expanded=\"false\"\n\t\t\t\t\taria-controls=\"screen-70801>\">+<\/button>\n\t\t\t\t<a class=\"button round block text-left large teal\"\n\t\t\t\t\thref=\"https:\/\/screening.mhanational.org\/es\/screening-tools\/adhd\/\">\n\t\t\t\t\t<span class=\"excerpt-title\">Test de TDAH<\/span>\n\t\t\t\t\t<span class=\"excerpt block\" style=\"display: none;\" id=\"screen-70801\">\n\t\t\t\t\t\tPara personas de todas las edades que tienen problemas para concentrarse, recordar cosas, completar tareas y\/o permanecer quietas.<br \/>\n\t\t\t\t\t\t<strong class=\"caps lh-normal\">\t\t\t\t\t\t\t\n\t\t\t\t\t\t\t\t\t\t\t\t\t\t\tTake ADHD Test\t\t\t\t\t\t\t\t\t\t\t\t\t<\/strong>\n\t\t\t\t\t<\/span>\n\t\t\t\t<\/a>\n\t\t\t<\/div>\t\t\n\t\t  \t\t\n\t\t\t<div class=\"screen-item relative\">\n\t\t\t\t<button class=\"reveal-excerpt\"  \n\t\t\t\t\tdata-reveal=\"screen-3165\"\n\t\t\t\t\taria-expanded=\"false\"\n\t\t\t\t\taria-controls=\"screen-3165>\">+<\/button>\n\t\t\t\t<a class=\"button round block text-left large teal\"\n\t\t\t\t\thref=\"https:\/\/screening.mhanational.org\/es\/screening-tools\/anxiety\/\">\n\t\t\t\t\t<span class=\"excerpt-title\">Test de ansiedad<\/span>\n\t\t\t\t\t<span class=\"excerpt block\" style=\"display: none;\" id=\"screen-3165\">\n\t\t\t\t\t\tPara personas que experimentan una preocupaci\u00f3n o un miedo extremos que afectan a su capacidad para desenvolverse en el d\u00eda a d\u00eda. Para la versi\u00f3n en espa\u00f1ol, v\u00e9ase \"Test de Ansiedad\".<br \/>\n\t\t\t\t\t\t<strong class=\"caps lh-normal\">\t\t\t\t\t\t\t\n\t\t\t\t\t\t\t\t\t\t\t\t\t\t\tTake Anxiety Test\t\t\t\t\t\t\t\t\t\t\t\t\t<\/strong>\n\t\t\t\t\t<\/span>\n\t\t\t\t<\/a>\n\t\t\t<\/div>\t\t\n\t\t  \t\t\n\t\t\t<div class=\"screen-item relative\">\n\t\t\t\t<button class=\"reveal-excerpt\"  \n\t\t\t\t\tdata-reveal=\"screen-245905\"\n\t\t\t\t\taria-expanded=\"false\"\n\t\t\t\t\taria-controls=\"screen-245905>\">+<\/button>\n\t\t\t\t<a class=\"button round block text-left large teal\"\n\t\t\t\t\thref=\"https:\/\/screening.mhanational.org\/es\/screening-tools\/ocd\/\">\n\t\t\t\t\t<span class=\"excerpt-title\">Test de TOC<\/span>\n\t\t\t\t\t<span class=\"excerpt block\" style=\"display: none;\" id=\"screen-245905\">\n\t\t\t\t\t\tPara personas cuyos pensamientos y comportamientos repetitivos interfieren en su vida cotidiana. Tambi\u00e9n eval\u00faa el trastorno de acumulaci\u00f3n compulsiva.<br \/>\n\t\t\t\t\t\t<strong class=\"caps lh-normal\">\t\t\t\t\t\t\t\n\t\t\t\t\t\t\t\t\t\t\t\t\t\t\tTake OCD Test\t\t\t\t\t\t\t\t\t\t\t\t\t<\/strong>\n\t\t\t\t\t<\/span>\n\t\t\t\t<\/a>\n\t\t\t<\/div>\t\t\n\t\t  \t\t\n\t\t\t<div class=\"screen-item relative\">\n\t\t\t\t<button class=\"reveal-excerpt\"  \n\t\t\t\t\tdata-reveal=\"screen-3168\"\n\t\t\t\t\taria-expanded=\"false\"\n\t\t\t\t\taria-controls=\"screen-3168>\">+<\/button>\n\t\t\t\t<a class=\"button round block text-left large teal\"\n\t\t\t\t\thref=\"https:\/\/screening.mhanational.org\/es\/screening-tools\/bipolar\/\">\n\t\t\t\t\t<span class=\"excerpt-title\">Test de bipolar<\/span>\n\t\t\t\t\t<span class=\"excerpt block\" style=\"display: none;\" id=\"screen-3168\">\n\t\t\t\t\t\tPara personas que experimentan cambios de humor extremos o cambios inusuales en el estado de \u00e1nimo y la energ\u00eda.<br \/>\n\t\t\t\t\t\t<strong class=\"caps lh-normal\">\t\t\t\t\t\t\t\n\t\t\t\t\t\t\t\t\t\t\t\t\t\t\tTake Bipolar Test\t\t\t\t\t\t\t\t\t\t\t\t\t<\/strong>\n\t\t\t\t\t<\/span>\n\t\t\t\t<\/a>\n\t\t\t<\/div>\t\t\n\t\t  \t\t\n\t\t\t<div class=\"screen-item relative\">\n\t\t\t\t<button class=\"reveal-excerpt\"  \n\t\t\t\t\tdata-reveal=\"screen-3166\"\n\t\t\t\t\taria-expanded=\"false\"\n\t\t\t\t\taria-controls=\"screen-3166>\">+<\/button>\n\t\t\t\t<a class=\"button round block text-left large teal\"\n\t\t\t\t\thref=\"https:\/\/screening.mhanational.org\/es\/screening-tools\/psychosis\/\">\n\t\t\t\t\t<span class=\"excerpt-title\">Test de psicosis y esquizofrenia<\/span>\n\t\t\t\t\t<span class=\"excerpt block\" style=\"display: none;\" id=\"screen-3166\">\n\t\t\t\t\t\tPara personas que sienten que su cerebro les est\u00e1 jugando una mala pasada (ven, oyen o creen cosas que no parecen reales o del todo correctas).<br \/>\n\t\t\t\t\t\t<strong class=\"caps lh-normal\">\t\t\t\t\t\t\t\n\t\t\t\t\t\t\t\t\t\t\t\t\t\t\tTake Psychosis &#038; Schizophrenia Test\t\t\t\t\t\t\t\t\t\t\t\t\t<\/strong>\n\t\t\t\t\t<\/span>\n\t\t\t\t<\/a>\n\t\t\t<\/div>\t\t\n\t\t  \t\t\n\t\t\t<div class=\"screen-item relative\">\n\t\t\t\t<button class=\"reveal-excerpt\"  \n\t\t\t\t\tdata-reveal=\"screen-3175\"\n\t\t\t\t\taria-expanded=\"false\"\n\t\t\t\t\taria-controls=\"screen-3175>\">+<\/button>\n\t\t\t\t<a class=\"button round block text-left large teal\"\n\t\t\t\t\thref=\"https:\/\/screening.mhanational.org\/es\/screening-tools\/eating-disorder\/\">\n\t\t\t\t\t<span class=\"excerpt-title\">Test de trastornos alimenticios<\/span>\n\t\t\t\t\t<span class=\"excerpt block\" style=\"display: none;\" id=\"screen-3175\">\n\t\t\t\t\t\tExplorar las relaciones poco saludables con la comida que afectan a tu salud f\u00edsica y a tu bienestar general.<br \/>\n\t\t\t\t\t\t<strong class=\"caps lh-normal\">\t\t\t\t\t\t\t\n\t\t\t\t\t\t\t\t\t\t\t\t\t\t\tTake Eating Disorder Test\t\t\t\t\t\t\t\t\t\t\t\t\t<\/strong>\n\t\t\t\t\t<\/span>\n\t\t\t\t<\/a>\n\t\t\t<\/div>\t\t\n\t\t  \t\t\n\t\t\t<div class=\"screen-item relative\">\n\t\t\t\t<button class=\"reveal-excerpt\"  \n\t\t\t\t\tdata-reveal=\"screen-3176\"\n\t\t\t\t\taria-expanded=\"false\"\n\t\t\t\t\taria-controls=\"screen-3176>\">+<\/button>\n\t\t\t\t<a class=\"button round block text-left large teal\"\n\t\t\t\t\thref=\"https:\/\/screening.mhanational.org\/es\/screening-tools\/ptsd\/\">\n\t\t\t\t\t<span class=\"excerpt-title\">Test de TEPT<\/span>\n\t\t\t\t\t<span class=\"excerpt block\" style=\"display: none;\" id=\"screen-3176\">\n\t\t\t\t\t\tPara personas que experimentan angustia continua despu\u00e9s de un evento traum\u00e1tico en su vida.<br \/>\n\t\t\t\t\t\t<strong class=\"caps lh-normal\">\t\t\t\t\t\t\t\n\t\t\t\t\t\t\t\t\t\t\t\t\t\t\tTake PTSD Test\t\t\t\t\t\t\t\t\t\t\t\t\t<\/strong>\n\t\t\t\t\t<\/span>\n\t\t\t\t<\/a>\n\t\t\t<\/div>\t\t\n\t\t  \t\t\n\t\t\t<div class=\"screen-item relative\">\n\t\t\t\t<button class=\"reveal-excerpt\"  \n\t\t\t\t\tdata-reveal=\"screen-190057\"\n\t\t\t\t\taria-expanded=\"false\"\n\t\t\t\t\taria-controls=\"screen-190057>\">+<\/button>\n\t\t\t\t<a class=\"button round block text-left large teal\"\n\t\t\t\t\thref=\"https:\/\/screening.mhanational.org\/es\/screening-tools\/addiction\/\">\n\t\t\t\t\t<span class=\"excerpt-title\">Test de adicci\u00f3n<\/span>\n\t\t\t\t\t<span class=\"excerpt block\" style=\"display: none;\" id=\"screen-190057\">\n\t\t\t\t\t\tPara personas que est\u00e1n preocupadas por su consumo de alcohol, drogas u otros comportamientos, como el juego o las autolesiones.<br \/>\n\t\t\t\t\t\t<strong class=\"caps lh-normal\">\t\t\t\t\t\t\t\n\t\t\t\t\t\t\t\t\t\t\t\t\t\t\tTake Addiction Test\t\t\t\t\t\t\t\t\t\t\t\t\t<\/strong>\n\t\t\t\t\t<\/span>\n\t\t\t\t<\/a>\n\t\t\t<\/div>\t\t\n\t\t  \t\t\n\t\t\t<div class=\"screen-item relative\">\n\t\t\t\t<button class=\"reveal-excerpt\"  \n\t\t\t\t\tdata-reveal=\"screen-245618\"\n\t\t\t\t\taria-expanded=\"false\"\n\t\t\t\t\taria-controls=\"screen-245618>\">+<\/button>\n\t\t\t\t<a class=\"button round block text-left large teal\"\n\t\t\t\t\thref=\"https:\/\/screening.mhanational.org\/es\/screening-tools\/gambling\/\">\n\t\t\t\t\t<span class=\"excerpt-title\">Test de adicci\u00f3n al juego<\/span>\n\t\t\t\t\t<span class=\"excerpt block\" style=\"display: none;\" id=\"screen-245618\">\n\t\t\t\t\t\tPara personas preocupadas por su comportamiento con respecto al juego.<br \/>\n\t\t\t\t\t\t<strong class=\"caps lh-normal\">\t\t\t\t\t\t\t\n\t\t\t\t\t\t\t\t\t\t\t\t\t\t\tTake Gambling Addiction Test\t\t\t\t\t\t\t\t\t\t\t\t\t<\/strong>\n\t\t\t\t\t<\/span>\n\t\t\t\t<\/a>\n\t\t\t<\/div>\t\t\n\t\t  \t\t\n\t\t\t<div class=\"screen-item relative\">\n\t\t\t\t<button class=\"reveal-excerpt\"  \n\t\t\t\t\tdata-reveal=\"screen-251896\"\n\t\t\t\t\taria-expanded=\"false\"\n\t\t\t\t\taria-controls=\"screen-251896>\">+<\/button>\n\t\t\t\t<a class=\"button round block text-left large teal\"\n\t\t\t\t\thref=\"https:\/\/screening.mhanational.org\/es\/screening-tools\/social-anxiety\/\">\n\t\t\t\t\t<span class=\"excerpt-title\">Test de ansiedad social<\/span>\n\t\t\t\t\t<span class=\"excerpt block\" style=\"display: none;\" id=\"screen-251896\">\n\t\t\t\t\t\tPara personas que experimentan una preocupaci\u00f3n o un miedo extremos en situaciones sociales.<br \/>\n\t\t\t\t\t\t<strong class=\"caps lh-normal\">\t\t\t\t\t\t\t\n\t\t\t\t\t\t\t\t\t\t\t\t\t\t\tTake Social Anxiety Test\t\t\t\t\t\t\t\t\t\t\t\t\t<\/strong>\n\t\t\t\t\t<\/span>\n\t\t\t\t<\/a>\n\t\t\t<\/div>\t\t\n\t\t  \t\t\n\t\t\t<div class=\"screen-item relative\">\n\t\t\t\t<button class=\"reveal-excerpt\"  \n\t\t\t\t\tdata-reveal=\"screen-788\"\n\t\t\t\t\taria-expanded=\"false\"\n\t\t\t\t\taria-controls=\"screen-788>\">+<\/button>\n\t\t\t\t<a class=\"button round block text-left large teal\"\n\t\t\t\t\thref=\"https:\/\/screening.mhanational.org\/es\/screening-tools\/postpartum-depression\/\">\n\t\t\t\t\t<span class=\"excerpt-title\">Test de depresi\u00f3n posparto (mam\u00e1s y pap\u00e1s primerizos y futuros)<\/span>\n\t\t\t\t\t<span class=\"excerpt block\" style=\"display: none;\" id=\"screen-788\">\n\t\t\t\t\t\tPara padres primerizos y futuros padres que comenzaron a sentir una tristeza abrumadora durante el embarazo o despu\u00e9s del nacimiento de su hijo.<br \/>\n\t\t\t\t\t\t<strong class=\"caps lh-normal\">\t\t\t\t\t\t\t\n\t\t\t\t\t\t\t\t\t\t\t\t\t\t\tTake Postpartum Depression Test (New &#038; Expecting Parents)\t\t\t\t\t\t\t\t\t\t\t\t\t<\/strong>\n\t\t\t\t\t<\/span>\n\t\t\t\t<\/a>\n\t\t\t<\/div>\t\t\n\t\t  \t\t\n\t\t\t<div class=\"screen-item relative\">\n\t\t\t\t<button class=\"reveal-excerpt\"  \n\t\t\t\t\tdata-reveal=\"screen-3179\"\n\t\t\t\t\taria-expanded=\"false\"\n\t\t\t\t\taria-controls=\"screen-3179>\">+<\/button>\n\t\t\t\t<a class=\"button round block text-left large teal\"\n\t\t\t\t\thref=\"https:\/\/screening.mhanational.org\/es\/screening-tools\/parent\/\">\n\t\t\t\t\t<span class=\"excerpt-title\">Test para padres: la salud mental de tu hijo<\/span>\n\t\t\t\t\t<span class=\"excerpt block\" style=\"display: none;\" id=\"screen-3179\">\n\t\t\t\t\t\tPara padres que est\u00e1n preocupados porque las emociones, la atenci\u00f3n o el comportamiento de sus hijos podr\u00edan ser un problema de salud mental.<br \/>\n\t\t\t\t\t\t<strong class=\"caps lh-normal\">\t\t\t\t\t\t\t\n\t\t\t\t\t\t\t\t\t\t\t\t\t\t\tTake Parent Test: Your Child&#8217;s Mental Health\t\t\t\t\t\t\t\t\t\t\t\t\t<\/strong>\n\t\t\t\t\t<\/span>\n\t\t\t\t<\/a>\n\t\t\t<\/div>\t\t\n\t\t  \t\t\n\t\t\t<div class=\"screen-item relative\">\n\t\t\t\t<button class=\"reveal-excerpt\"  \n\t\t\t\t\tdata-reveal=\"screen-3188\"\n\t\t\t\t\taria-expanded=\"false\"\n\t\t\t\t\taria-controls=\"screen-3188>\">+<\/button>\n\t\t\t\t<a class=\"button round block text-left large teal\"\n\t\t\t\t\thref=\"https:\/\/screening.mhanational.org\/es\/screening-tools\/youth\/\">\n\t\t\t\t\t<span class=\"excerpt-title\">Test de salud mental para j\u00f3venes<\/span>\n\t\t\t\t\t<span class=\"excerpt block\" style=\"display: none;\" id=\"screen-3188\">\n\t\t\t\t\t\tPara j\u00f3venes (de 11 a 17 a\u00f1os) que est\u00e1n preocupados porque sus emociones, atenci\u00f3n o comportamientos podr\u00edan ser signos de un problema.<br \/>\n\t\t\t\t\t\t<strong class=\"caps lh-normal\">\t\t\t\t\t\t\t\n\t\t\t\t\t\t\t\t\t\t\t\t\t\t\tTake Youth Mental Health Test\t\t\t\t\t\t\t\t\t\t\t\t\t<\/strong>\n\t\t\t\t\t<\/span>\n\t\t\t\t<\/a>\n\t\t\t<\/div>\t\t\n\t\t  \t\t\n\t\t\t<div class=\"screen-item relative translation-block\"><button class=\"reveal-excerpt\" data-reveal=\"screen-3193\" aria-expanded=\"false\" aria-controls=\"screen-3193&gt;\">+<\/button>\r\n\t\t\t\t<a class=\"button round block text-left large teal\" href=\"https:\/\/screening.mhanational.org\/es\/screening-tools\/test-de-depresion\/\" target=\"_self\">\r\n\t\t\t\t\t<span class=\"excerpt-title\">Test de depresi\u00f3n<\/span>\r\n\t\t\t\t\t<span class=\"excerpt block\" style=\"display: none;\" id=\"screen-3193\">\r\n\t\t\t\t\t\tPara los que sienten una tristeza abrumadora, muy poca energ\u00eda, o una imagen negativa de s\u00ed misma\/o.<br>\r\n\t\t\t\t\t\t<strong class=\"caps lh-normal\">\t\t\t\t\t\t\t\r\n\t\t\t\t\t\t\t\t\t\t\t\t\t\t\tTome el Test de depresi\u00f3n\t\t\t\t\t\t\t\t\t\t\t\t\t<\/strong>\r\n\t\t\t\t\t<\/span>\r\n\t\t\t\t<\/a><\/div>\t\t\n\t\t  \t\t\n\t\t\t<div class=\"screen-item relative\">\n\t\t\t\t<button class=\"reveal-excerpt\"  \n\t\t\t\t\tdata-reveal=\"screen-3194\"\n\t\t\t\t\taria-expanded=\"false\"\n\t\t\t\t\taria-controls=\"screen-3194>\">+<\/button>\n\t\t\t\t<a class=\"button round block text-left large teal\"\n\t\t\t\t\thref=\"https:\/\/screening.mhanational.org\/es\/screening-tools\/test-de-ansiedad\/\">\n\t\t\t\t\t<span class=\"excerpt-title\">Test de ansiedad<\/span>\n\t\t\t\t\t<span class=\"excerpt block\" style=\"display: none;\" id=\"screen-3194\">\n\t\t\t\t\t\tPara quienes sienten que la preocupaci\u00f3n y el miedo afectan su vida cotidiana.<br \/>\n\t\t\t\t\t\t<strong class=\"caps lh-normal\">\t\t\t\t\t\t\t\n\t\t\t\t\t\t\t\t\t\t\t\t\t\t\tTome el Test de ansiedad\t\t\t\t\t\t\t\t\t\t\t\t\t<\/strong>\n\t\t\t\t\t<\/span>\n\t\t\t\t<\/a>\n\t\t\t<\/div>\t\t\n\t\t  \t\t\n\t\t\t<div class=\"screen-item relative\">\n\t\t\t\t<button class=\"reveal-excerpt\"  \n\t\t\t\t\tdata-reveal=\"screen-254207\"\n\t\t\t\t\taria-expanded=\"false\"\n\t\t\t\t\taria-controls=\"screen-254207>\">+<\/button>\n\t\t\t\t<a class=\"button round block text-left large purple survey\"\n\t\t\t\t\thref=\"https:\/\/screening.mhanational.org\/es\/screening-tools\/survey-what-makes-a-good-day\/\">\n\t\t\t\t\t<span class=\"excerpt-title\">Encuesta: \u00bfQu\u00e9 hace que un d\u00eda sea bueno?<\/span>\n\t\t\t\t\t<span class=\"excerpt block\" style=\"display: none;\" id=\"screen-254207\">\n\t\t\t\t\t\tQueremos saber m\u00e1s sobre c\u00f3mo ayudarnos a todos a tener m\u00e1s d\u00edas buenos. Esto es una encuesta, no una prueba de salud mental.<br \/>\n\t\t\t\t\t\t<strong class=\"caps lh-normal\">\t\t\t\t\t\t\t\n\t\t\t\t\t\t\t\t\t\t\t\t\t\t\tTake Survey: What Makes a Good Day?\t\t\t\t\t\t\t\t\t\t\t\t\t<\/strong>\n\t\t\t\t\t<\/span>\n\t\t\t\t<\/a>\n\t\t\t<\/div>\t\t\n\t\t  \t\t\n\t\t\t<div class=\"screen-item relative\">\n\t\t\t\t<button class=\"reveal-excerpt\"  \n\t\t\t\t\tdata-reveal=\"screen-255654\"\n\t\t\t\t\taria-expanded=\"false\"\n\t\t\t\t\taria-controls=\"screen-255654>\">+<\/button>\n\t\t\t\t<a class=\"button round block text-left large purple survey\"\n\t\t\t\t\thref=\"https:\/\/screening.mhanational.org\/es\/screening-tools\/psychedelics-mental-health-survey\/\">\n\t\t\t\t\t<span class=\"excerpt-title\">Encuesta sobre la salud mental y los psicod\u00e9licos<\/span>\n\t\t\t\t\t<span class=\"excerpt block\" style=\"display: none;\" id=\"screen-255654\">\n\t\t\t\t\t\tThis survey was developed to help us explore your opinions about psychedelics and mental health. This is not a mental health test.<br \/>\n\t\t\t\t\t\t<strong class=\"caps lh-normal\">\t\t\t\t\t\t\t\n\t\t\t\t\t\t\t\t\t\t\t\t\t\t\tTake Psychedelics &#038; Mental Health Survey\t\t\t\t\t\t\t\t\t\t\t\t\t<\/strong>\n\t\t\t\t\t<\/span>\n\t\t\t\t<\/a>\n\t\t\t<\/div>\t\t\n\t\t  \t\t\n\t\t\t<div class=\"screen-item relative\">\n\t\t\t\t<button class=\"reveal-excerpt\"  \n\t\t\t\t\tdata-reveal=\"screen-239625\"\n\t\t\t\t\taria-expanded=\"false\"\n\t\t\t\t\taria-controls=\"screen-239625>\">+<\/button>\n\t\t\t\t<a class=\"button round block text-left large purple survey\"\n\t\t\t\t\thref=\"https:\/\/screening.mhanational.org\/es\/screening-tools\/ai-mental-health-survey\/\">\n\t\t\t\t\t<span class=\"excerpt-title\">Encuesta sobre la salud mental y IA<\/span>\n\t\t\t\t\t<span class=\"excerpt block\" style=\"display: none;\" id=\"screen-239625\">\n\t\t\t\t\t\tEsta encuesta se ha elaborado con el fin de conocer su opini\u00f3n sobre la inteligencia artificial (IA) y la salud mental. No se trata de una prueba de salud mental.<br \/>\n\t\t\t\t\t\t<strong class=\"caps lh-normal\">\t\t\t\t\t\t\t\n\t\t\t\t\t\t\t\t\t\t\t\t\t\t\tTake AI &#038; Mental Health Survey\t\t\t\t\t\t\t\t\t\t\t\t\t<\/strong>\n\t\t\t\t\t<\/span>\n\t\t\t\t<\/a>\n\t\t\t<\/div>\t\t\n\t\t  \t\t\n\t\t\t<div class=\"screen-item relative\">\n\t\t\t\t<button class=\"reveal-excerpt\"  \n\t\t\t\t\tdata-reveal=\"screen-84275\"\n\t\t\t\t\taria-expanded=\"false\"\n\t\t\t\t\taria-controls=\"screen-84275>\">+<\/button>\n\t\t\t\t<a class=\"button round block text-left large purple survey\"\n\t\t\t\t\thref=\"https:\/\/screening.mhanational.org\/es\/screening-tools\/self-injury-survey\/\">\n\t\t\t\t\t<span class=\"excerpt-title\">Encuesta sobre autolesiones<\/span>\n\t\t\t\t\t<span class=\"excerpt block\" style=\"display: none;\" id=\"screen-84275\">\n\t\t\t\t\t\tEsta encuesta est\u00e1 dirigida a personas que se han autolesionado a prop\u00f3sito sin intentar suicidarse. No es una herramienta de evaluaci\u00f3n de la salud mental.<br \/>\n\t\t\t\t\t\t<strong class=\"caps lh-normal\">\t\t\t\t\t\t\t\n\t\t\t\t\t\t\t\t\t\t\t\t\t\t\tTake Self-Injury Survey\t\t\t\t\t\t\t\t\t\t\t\t\t<\/strong>\n\t\t\t\t\t<\/span>\n\t\t\t\t<\/a>\n\t\t\t<\/div>\t\t\n\t\t<\/div>","protected":false},"excerpt":{"rendered":"","protected":false},"author":2,"featured_media":0,"parent":0,"menu_order":0,"comment_status":"closed","ping_status":"closed","template":"","meta":{"_acf_changed":false,"footnotes":""},"class_list":["post-36","page","type-page","status-publish","hentry"],"acf":[],"yoast_head":"<title>Take a Mental Health Test &#8211; Mental Health America<\/title>\n<meta name=\"robots\" content=\"index, follow, max-snippet:-1, max-image-preview:large, max-video-preview:-1\" \/>\n<link rel=\"canonical\" href=\"https:\/\/screening.mhanational.org\/es\/screening-tools\/\" \/>\n<meta property=\"og:locale\" content=\"es_MX\" \/>\n<meta property=\"og:type\" content=\"article\" \/>\n<meta property=\"og:title\" content=\"Take a Mental Health Test\" \/>\n<meta property=\"og:url\" content=\"https:\/\/screening.mhanational.org\/es\/screening-tools\/\" \/>\n<meta property=\"og:site_name\" content=\"Mental Health America\" \/>\n<meta property=\"article:publisher\" content=\"https:\/\/www.facebook.com\/mentalhealthamerica\" \/>\n<meta property=\"article:modified_time\" content=\"2026-01-08T16:59:21+00:00\" \/>\n<meta property=\"og:image\" content=\"https:\/\/screening.mhanational.org\/wp-content\/uploads\/2022\/04\/Social-media-share-preview.png\" \/>\n\t<meta property=\"og:image:width\" content=\"1200\" \/>\n\t<meta property=\"og:image:height\" content=\"631\" \/>\n\t<meta property=\"og:image:type\" content=\"image\/png\" \/>\n<meta name=\"twitter:card\" content=\"summary_large_image\" \/>\n<meta name=\"twitter:site\" content=\"@mentalhealtham\" \/>\n<meta name=\"twitter:label1\" content=\"Est. reading time\" \/>\n\t<meta name=\"twitter:data1\" content=\"2 minutos\" \/>\n<script type=\"application\/ld+json\" class=\"yoast-schema-graph\">{\"@context\":\"https:\\\/\\\/schema.org\",\"@graph\":[{\"@type\":\"Article\",\"@id\":\"https:\\\/\\\/screening.mhanational.org\\\/screening-tools\\\/#article\",\"isPartOf\":{\"@id\":\"https:\\\/\\\/screening.mhanational.org\\\/screening-tools\\\/\"},\"author\":{\"name\":\"Justin\",\"@id\":\"https:\\\/\\\/screening.mhanational.org\\\/#\\\/schema\\\/person\\\/997a191ecae6462d0ca6e6cc8cd1037b\"},\"headline\":\"Take a Mental Health Test\",\"datePublished\":\"2020-09-25T15:15:11+00:00\",\"dateModified\":\"2026-01-08T16:59:21+00:00\",\"mainEntityOfPage\":{\"@id\":\"https:\\\/\\\/screening.mhanational.org\\\/screening-tools\\\/\"},\"wordCount\":58,\"inLanguage\":\"es\"},{\"@type\":\"WebPage\",\"@id\":\"https:\\\/\\\/screening.mhanational.org\\\/screening-tools\\\/\",\"url\":\"https:\\\/\\\/screening.mhanational.org\\\/screening-tools\\\/\",\"name\":\"Take a Mental Health Test &#8211; Mental Health America\",\"isPartOf\":{\"@id\":\"https:\\\/\\\/screening.mhanational.org\\\/#website\"},\"datePublished\":\"2020-09-25T15:15:11+00:00\",\"dateModified\":\"2026-01-08T16:59:21+00:00\",\"inLanguage\":\"es\",\"potentialAction\":[{\"@type\":\"ReadAction\",\"target\":[\"https:\\\/\\\/screening.mhanational.org\\\/screening-tools\\\/\"]}]},{\"@type\":\"WebSite\",\"@id\":\"https:\\\/\\\/screening.mhanational.org\\\/#website\",\"url\":\"https:\\\/\\\/screening.mhanational.org\\\/\",\"name\":\"MHA Screening\",\"description\":\"Start your mental health journey here.\",\"potentialAction\":[{\"@type\":\"SearchAction\",\"target\":{\"@type\":\"EntryPoint\",\"urlTemplate\":\"https:\\\/\\\/screening.mhanational.org\\\/?s={search_term_string}\"},\"query-input\":{\"@type\":\"PropertyValueSpecification\",\"valueRequired\":true,\"valueName\":\"search_term_string\"}}],\"inLanguage\":\"es\"},{\"@type\":\"Person\",\"@id\":\"https:\\\/\\\/screening.mhanational.org\\\/#\\\/schema\\\/person\\\/997a191ecae6462d0ca6e6cc8cd1037b\",\"name\":\"Justin\"}]}<\/script>","yoast_head_json":{"title":"Realice una prueba de salud mental \u2013 Mental Health America","robots":{"index":"index","follow":"follow","max-snippet":"max-snippet:-1","max-image-preview":"max-image-preview:large","max-video-preview":"max-video-preview:-1"},"canonical":"https:\/\/screening.mhanational.org\/es\/screening-tools\/","og_locale":"es_MX","og_type":"article","og_title":"Take a Mental Health Test","og_url":"https:\/\/screening.mhanational.org\/es\/screening-tools\/","og_site_name":"Mental Health America","article_publisher":"https:\/\/www.facebook.com\/mentalhealthamerica","article_modified_time":"2026-01-08T16:59:21+00:00","og_image":[{"width":1200,"height":631,"url":"https:\/\/screening.mhanational.org\/wp-content\/uploads\/2022\/04\/Social-media-share-preview.png","type":"image\/png"}],"twitter_card":"summary_large_image","twitter_site":"@mentalhealtham","twitter_misc":{"Est. reading time":"2 minutos"},"schema":{"@context":"https:\/\/schema.org","@graph":[{"@type":"Article","@id":"https:\/\/screening.mhanational.org\/screening-tools\/#article","isPartOf":{"@id":"https:\/\/screening.mhanational.org\/screening-tools\/"},"author":{"name":"Justin","@id":"https:\/\/screening.mhanational.org\/#\/schema\/person\/997a191ecae6462d0ca6e6cc8cd1037b"},"headline":"Take a Mental Health Test","datePublished":"2020-09-25T15:15:11+00:00","dateModified":"2026-01-08T16:59:21+00:00","mainEntityOfPage":{"@id":"https:\/\/screening.mhanational.org\/screening-tools\/"},"wordCount":58,"inLanguage":"es"},{"@type":"WebPage","@id":"https:\/\/screening.mhanational.org\/screening-tools\/","url":"https:\/\/screening.mhanational.org\/screening-tools\/","name":"Realice una prueba de salud mental \u2013 Mental Health America","isPartOf":{"@id":"https:\/\/screening.mhanational.org\/#website"},"datePublished":"2020-09-25T15:15:11+00:00","dateModified":"2026-01-08T16:59:21+00:00","inLanguage":"es","potentialAction":[{"@type":"ReadAction","target":["https:\/\/screening.mhanational.org\/screening-tools\/"]}]},{"@type":"WebSite","@id":"https:\/\/screening.mhanational.org\/#website","url":"https:\/\/screening.mhanational.org\/","name":"Evaluaci\u00f3n de MHA","description":"Comienza aqu\u00ed tu camino hacia la salud mental.","potentialAction":[{"@type":"SearchAction","target":{"@type":"EntryPoint","urlTemplate":"https:\/\/screening.mhanational.org\/?s={search_term_string}"},"query-input":{"@type":"PropertyValueSpecification","valueRequired":true,"valueName":"search_term_string"}}],"inLanguage":"es"},{"@type":"Person","@id":"https:\/\/screening.mhanational.org\/#\/schema\/person\/997a191ecae6462d0ca6e6cc8cd1037b","name":"Justin"}]}},"_links":{"self":[{"href":"https:\/\/screening.mhanational.org\/es\/wp-json\/wp\/v2\/pages\/36","targetHints":{"allow":["GET"]}}],"collection":[{"href":"https:\/\/screening.mhanational.org\/es\/wp-json\/wp\/v2\/pages"}],"about":[{"href":"https:\/\/screening.mhanational.org\/es\/wp-json\/wp\/v2\/types\/page"}],"author":[{"embeddable":true,"href":"https:\/\/screening.mhanational.org\/es\/wp-json\/wp\/v2\/users\/2"}],"replies":[{"embeddable":true,"href":"https:\/\/screening.mhanational.org\/es\/wp-json\/wp\/v2\/comments?post=36"}],"version-history":[{"count":0,"href":"https:\/\/screening.mhanational.org\/es\/wp-json\/wp\/v2\/pages\/36\/revisions"}],"wp:attachment":[{"href":"https:\/\/screening.mhanational.org\/es\/wp-json\/wp\/v2\/media?parent=36"}],"curies":[{"name":"wp","href":"https:\/\/api.w.org\/{rel}","templated":true}]}}